{"id":45,"date":"2019-03-24T21:49:04","date_gmt":"2019-03-24T20:49:04","guid":{"rendered":"https:\/\/bl-sicherheit.ddns.net\/?page_id=45"},"modified":"2019-09-12T11:22:49","modified_gmt":"2019-09-12T09:22:49","slug":"ueber-uns","status":"publish","type":"page","link":"https:\/\/sg-heimst\u00e4tten.de\/?page_id=45","title":{"rendered":"\u00dcber uns"},"content":{"rendered":"\t\t<div data-elementor-type=\"wp-post\" data-elementor-id=\"45\" class=\"elementor elementor-45\" data-elementor-settings=\"[]\">\n\t\t\t\t\t\t<div class=\"elementor-inner\">\n\t\t\t\t\t\t\t<div class=\"elementor-section-wrap\">\n\t\t\t\t\t\t\t<section class=\"elementor-section elementor-top-section elementor-element elementor-element-5d22ac31 elementor-section-content-middle elementor-section-boxed elementor-section-height-default elementor-section-height-default\" data-id=\"5d22ac31\" data-element_type=\"section\" data-settings=\"{&quot;background_background&quot;:&quot;classic&quot;}\">\n\t\t\t\t\t\t<div class=\"elementor-container elementor-column-gap-default\">\n\t\t\t\t\t\t\t<div class=\"elementor-row\">\n\t\t\t\t\t<div class=\"elementor-column elementor-col-50 elementor-top-column elementor-element elementor-element-25ff4cdf\" data-id=\"25ff4cdf\" data-element_type=\"column\">\n\t\t\t<div class=\"elementor-column-wrap elementor-element-populated\">\n\t\t\t\t\t\t\t<div class=\"elementor-widget-wrap\">\n\t\t\t\t\t\t<div class=\"elementor-element elementor-element-11b4f44 elementor-widget elementor-widget-heading\" data-id=\"11b4f44\" data-element_type=\"widget\" data-widget_type=\"heading.default\">\n\t\t\t\t<div class=\"elementor-widget-container\">\n\t\t\t<h3 class=\"elementor-heading-title elementor-size-default\">Siedlergemeinschaft Heimst\u00e4ttensiedlung e.V. <\/h3>\t\t<\/div>\n\t\t\t\t<\/div>\n\t\t\t\t\t\t<\/div>\n\t\t\t\t\t<\/div>\n\t\t<\/div>\n\t\t\t\t<div class=\"elementor-column elementor-col-50 elementor-top-column elementor-element elementor-element-19f303c1\" data-id=\"19f303c1\" data-element_type=\"column\">\n\t\t\t<div class=\"elementor-column-wrap elementor-element-populated\">\n\t\t\t\t\t\t\t<div class=\"elementor-widget-wrap\">\n\t\t\t\t\t\t<div class=\"elementor-element elementor-element-5c575be elementor-widget elementor-widget-image\" data-id=\"5c575be\" data-element_type=\"widget\" data-widget_type=\"image.default\">\n\t\t\t\t<div class=\"elementor-widget-container\">\n\t\t\t\t\t\t\t\t<div class=\"elementor-image\">\n\t\t\t\t\t\t\t\t\t\t\t\t<img width=\"150\" height=\"150\" src=\"https:\/\/sg-heimst\u00e4tten.de\/wp-content\/uploads\/2019\/03\/Logo-150x150.gif\" class=\"attachment-thumbnail size-thumbnail\" alt=\"\" \/>\t\t\t\t\t\t\t\t\t\t\t\t\t\t<\/div>\n\t\t\t\t\t\t<\/div>\n\t\t\t\t<\/div>\n\t\t\t\t\t\t<\/div>\n\t\t\t\t\t<\/div>\n\t\t<\/div>\n\t\t\t\t\t\t\t\t<\/div>\n\t\t\t\t\t<\/div>\n\t\t<\/section>\n\t\t\t\t<section class=\"elementor-section elementor-top-section elementor-element elementor-element-3dd65007 elementor-section-content-middle elementor-reverse-mobile elementor-section-boxed elementor-section-height-default elementor-section-height-default\" data-id=\"3dd65007\" data-element_type=\"section\">\n\t\t\t\t\t\t<div class=\"elementor-container elementor-column-gap-default\">\n\t\t\t\t\t\t\t<div class=\"elementor-row\">\n\t\t\t\t\t<div class=\"elementor-column elementor-col-50 elementor-top-column elementor-element elementor-element-35339e88\" data-id=\"35339e88\" data-element_type=\"column\">\n\t\t\t<div class=\"elementor-column-wrap elementor-element-populated\">\n\t\t\t\t\t\t\t<div class=\"elementor-widget-wrap\">\n\t\t\t\t\t\t<div class=\"elementor-element elementor-element-3ed2d7fb elementor-widget elementor-widget-heading\" data-id=\"3ed2d7fb\" data-element_type=\"widget\" data-widget_type=\"heading.default\">\n\t\t\t\t<div class=\"elementor-widget-container\">\n\t\t\t<h3 class=\"elementor-heading-title elementor-size-default\">Warum eine Siedlergemeinschaft?<\/h3>\t\t<\/div>\n\t\t\t\t<\/div>\n\t\t\t\t<div class=\"elementor-element elementor-element-47c0e7ff elementor-widget elementor-widget-text-editor\" data-id=\"47c0e7ff\" data-element_type=\"widget\" data-widget_type=\"text-editor.default\">\n\t\t\t\t<div class=\"elementor-widget-container\">\n\t\t\t\t\t\t\t\t<div class=\"elementor-text-editor elementor-clearfix\">\n\t\t\t\t<p>Der Siedlerverein erm\u00f6glicht aus seinen Mitgliedsbeitr\u00e4gen und Spenden Anschaffungen und Veranstaltungen, die f\u00fcr die Kinder und Siedler sonst nicht realisiert werden k\u00f6nnten. Er \u00fcbernimmt keine Aufgaben der Stadt oder des Stadtbezirks, sondern tr\u00e4gt dazu bei, die Siedlung f\u00fcr Ihre Siedler und Bewohner noch attraktiver zu machen.<\/p>\t\t\t\t\t<\/div>\n\t\t\t\t\t\t<\/div>\n\t\t\t\t<\/div>\n\t\t\t\t\t\t<\/div>\n\t\t\t\t\t<\/div>\n\t\t<\/div>\n\t\t\t\t<div class=\"elementor-column elementor-col-50 elementor-top-column elementor-element elementor-element-2f5c645e\" data-id=\"2f5c645e\" data-element_type=\"column\">\n\t\t\t<div class=\"elementor-column-wrap elementor-element-populated\">\n\t\t\t\t\t\t\t<div class=\"elementor-widget-wrap\">\n\t\t\t\t\t\t<div class=\"elementor-element elementor-element-3e43e643 elementor-widget elementor-widget-image\" data-id=\"3e43e643\" data-element_type=\"widget\" data-widget_type=\"image.default\">\n\t\t\t\t<div class=\"elementor-widget-container\">\n\t\t\t\t\t\t\t\t<div class=\"elementor-image\">\n\t\t\t\t\t\t\t\t\t\t\t\t<img width=\"1280\" height=\"1036\" src=\"https:\/\/sg-heimst\u00e4tten.de\/wp-content\/uploads\/2019\/06\/team-spirit-2447163_1280.jpg\" class=\"attachment-full size-full\" alt=\"\" srcset=\"https:\/\/sg-heimst\u00e4tten.de\/wp-content\/uploads\/2019\/06\/team-spirit-2447163_1280.jpg 1280w, https:\/\/sg-heimst\u00e4tten.de\/wp-content\/uploads\/2019\/06\/team-spirit-2447163_1280-300x243.jpg 300w, https:\/\/sg-heimst\u00e4tten.de\/wp-content\/uploads\/2019\/06\/team-spirit-2447163_1280-768x622.jpg 768w, https:\/\/sg-heimst\u00e4tten.de\/wp-content\/uploads\/2019\/06\/team-spirit-2447163_1280-1024x829.jpg 1024w\" sizes=\"(max-width: 1280px) 100vw, 1280px\" \/>\t\t\t\t\t\t\t\t\t\t\t\t\t\t<\/div>\n\t\t\t\t\t\t<\/div>\n\t\t\t\t<\/div>\n\t\t\t\t\t\t<\/div>\n\t\t\t\t\t<\/div>\n\t\t<\/div>\n\t\t\t\t\t\t\t\t<\/div>\n\t\t\t\t\t<\/div>\n\t\t<\/section>\n\t\t\t\t<section class=\"elementor-section elementor-top-section elementor-element elementor-element-5ee28fd7 elementor-section-content-middle elementor-section-boxed elementor-section-height-default elementor-section-height-default\" data-id=\"5ee28fd7\" data-element_type=\"section\">\n\t\t\t\t\t\t<div class=\"elementor-container elementor-column-gap-default\">\n\t\t\t\t\t\t\t<div class=\"elementor-row\">\n\t\t\t\t\t<div class=\"elementor-column elementor-col-50 elementor-top-column elementor-element elementor-element-3ec3e7f8\" data-id=\"3ec3e7f8\" data-element_type=\"column\">\n\t\t\t<div class=\"elementor-column-wrap elementor-element-populated\">\n\t\t\t\t\t\t\t<div class=\"elementor-widget-wrap\">\n\t\t\t\t\t\t<div class=\"elementor-element elementor-element-3001bdf5 elementor-widget elementor-widget-image\" data-id=\"3001bdf5\" data-element_type=\"widget\" data-widget_type=\"image.default\">\n\t\t\t\t<div class=\"elementor-widget-container\">\n\t\t\t\t\t\t\t\t<div class=\"elementor-image\">\n\t\t\t\t\t\t\t\t\t\t\t\t<img width=\"1920\" height=\"1168\" src=\"https:\/\/sg-heimst\u00e4tten.de\/wp-content\/uploads\/2019\/06\/office-3295556_1920.jpg\" class=\"attachment-full size-full\" alt=\"\" srcset=\"https:\/\/sg-heimst\u00e4tten.de\/wp-content\/uploads\/2019\/06\/office-3295556_1920.jpg 1920w, https:\/\/sg-heimst\u00e4tten.de\/wp-content\/uploads\/2019\/06\/office-3295556_1920-300x183.jpg 300w, https:\/\/sg-heimst\u00e4tten.de\/wp-content\/uploads\/2019\/06\/office-3295556_1920-768x467.jpg 768w, https:\/\/sg-heimst\u00e4tten.de\/wp-content\/uploads\/2019\/06\/office-3295556_1920-1024x623.jpg 1024w\" sizes=\"(max-width: 1920px) 100vw, 1920px\" \/>\t\t\t\t\t\t\t\t\t\t\t\t\t\t<\/div>\n\t\t\t\t\t\t<\/div>\n\t\t\t\t<\/div>\n\t\t\t\t\t\t<\/div>\n\t\t\t\t\t<\/div>\n\t\t<\/div>\n\t\t\t\t<div class=\"elementor-column elementor-col-50 elementor-top-column elementor-element elementor-element-1aed109d\" data-id=\"1aed109d\" data-element_type=\"column\">\n\t\t\t<div class=\"elementor-column-wrap elementor-element-populated\">\n\t\t\t\t\t\t\t<div class=\"elementor-widget-wrap\">\n\t\t\t\t\t\t<div class=\"elementor-element elementor-element-1a11f0fc elementor-widget elementor-widget-heading\" data-id=\"1a11f0fc\" data-element_type=\"widget\" data-widget_type=\"heading.default\">\n\t\t\t\t<div class=\"elementor-widget-container\">\n\t\t\t<h3 class=\"elementor-heading-title elementor-size-default\">Unsere Ziele<\/h3>\t\t<\/div>\n\t\t\t\t<\/div>\n\t\t\t\t<div class=\"elementor-element elementor-element-40e8ad07 elementor-widget elementor-widget-text-editor\" data-id=\"40e8ad07\" data-element_type=\"widget\" data-widget_type=\"text-editor.default\">\n\t\t\t\t<div class=\"elementor-widget-container\">\n\t\t\t\t\t\t\t\t<div class=\"elementor-text-editor elementor-clearfix\">\n\t\t\t\t<ul><li>Nachbarschaftshilfe<\/li><li>Gemeinschaftsleben<\/li><li>Soziales Miteinander<\/li><li>Verbesserung der Wohn- und Lebensqualit\u00e4t<\/li><li>Gemeinsame H\u00f6hepunkte schaffen <br \/>(siehe Veranstaltungskalender)<\/li><li>Regelm\u00e4\u00dfige Informationsveranstaltungen zu aktuellen Themen<\/li><li>Versch\u00f6nerung unserer Siedlung<\/li><\/ul>\t\t\t\t\t<\/div>\n\t\t\t\t\t\t<\/div>\n\t\t\t\t<\/div>\n\t\t\t\t\t\t<\/div>\n\t\t\t\t\t<\/div>\n\t\t<\/div>\n\t\t\t\t\t\t\t\t<\/div>\n\t\t\t\t\t<\/div>\n\t\t<\/section>\n\t\t\t\t<section class=\"elementor-section elementor-top-section elementor-element elementor-element-41bfc22 elementor-section-content-middle elementor-reverse-mobile elementor-section-boxed elementor-section-height-default elementor-section-height-default\" data-id=\"41bfc22\" data-element_type=\"section\">\n\t\t\t\t\t\t<div class=\"elementor-container elementor-column-gap-default\">\n\t\t\t\t\t\t\t<div class=\"elementor-row\">\n\t\t\t\t\t<div class=\"elementor-column elementor-col-50 elementor-top-column elementor-element elementor-element-125de3b0\" data-id=\"125de3b0\" data-element_type=\"column\">\n\t\t\t<div class=\"elementor-column-wrap elementor-element-populated\">\n\t\t\t\t\t\t\t<div class=\"elementor-widget-wrap\">\n\t\t\t\t\t\t<div class=\"elementor-element elementor-element-167734be elementor-widget elementor-widget-heading\" data-id=\"167734be\" data-element_type=\"widget\" data-widget_type=\"heading.default\">\n\t\t\t\t<div class=\"elementor-widget-container\">\n\t\t\t<h3 class=\"elementor-heading-title elementor-size-default\">Warum Mitglied werden?<\/h3>\t\t<\/div>\n\t\t\t\t<\/div>\n\t\t\t\t<div class=\"elementor-element elementor-element-7ed2fafb elementor-widget elementor-widget-text-editor\" data-id=\"7ed2fafb\" data-element_type=\"widget\" data-widget_type=\"text-editor.default\">\n\t\t\t\t<div class=\"elementor-widget-container\">\n\t\t\t\t\t\t\t\t<div class=\"elementor-text-editor elementor-clearfix\">\n\t\t\t\t<p>Vereinsmitglieder bilden das Fundament unserer Arbeit. Der Verein lebt durch Ihre aktive Mitarbeit und Ihr pers\u00f6nliches Engagement.<\/p><p>Als Mitglied des Siedlervereins:<\/p><ol><li>werden Sie \u00fcber die Arbeit des Vereins informiert,<\/li><li>haben Sie die Gewissheit, dass Ihre Spenden ausschlie\u00dflich der Heimst\u00e4ttensiedlung zukommt,<\/li><li>erhalten Sie f\u00fcr zus\u00e4tzliche finanzielle Zuwendungen oder Sachspenden eine Spendenbescheinigung.<\/li><\/ol>\t\t\t\t\t<\/div>\n\t\t\t\t\t\t<\/div>\n\t\t\t\t<\/div>\n\t\t\t\t\t\t<\/div>\n\t\t\t\t\t<\/div>\n\t\t<\/div>\n\t\t\t\t<div class=\"elementor-column elementor-col-50 elementor-top-column elementor-element elementor-element-3e8de486\" data-id=\"3e8de486\" data-element_type=\"column\">\n\t\t\t<div class=\"elementor-column-wrap elementor-element-populated\">\n\t\t\t\t\t\t\t<div class=\"elementor-widget-wrap\">\n\t\t\t\t\t\t<div class=\"elementor-element elementor-element-c07ba0e elementor-widget elementor-widget-image\" data-id=\"c07ba0e\" data-element_type=\"widget\" data-widget_type=\"image.default\">\n\t\t\t\t<div class=\"elementor-widget-container\">\n\t\t\t\t\t\t\t\t<div class=\"elementor-image\">\n\t\t\t\t\t\t\t\t\t\t\t\t<img width=\"1920\" height=\"1246\" src=\"https:\/\/sg-heimst\u00e4tten.de\/wp-content\/uploads\/2019\/06\/figures-111323_1920.jpg\" class=\"attachment-full size-full\" alt=\"\" srcset=\"https:\/\/sg-heimst\u00e4tten.de\/wp-content\/uploads\/2019\/06\/figures-111323_1920.jpg 1920w, https:\/\/sg-heimst\u00e4tten.de\/wp-content\/uploads\/2019\/06\/figures-111323_1920-300x195.jpg 300w, https:\/\/sg-heimst\u00e4tten.de\/wp-content\/uploads\/2019\/06\/figures-111323_1920-768x498.jpg 768w, https:\/\/sg-heimst\u00e4tten.de\/wp-content\/uploads\/2019\/06\/figures-111323_1920-1024x665.jpg 1024w\" sizes=\"(max-width: 1920px) 100vw, 1920px\" \/>\t\t\t\t\t\t\t\t\t\t\t\t\t\t<\/div>\n\t\t\t\t\t\t<\/div>\n\t\t\t\t<\/div>\n\t\t\t\t\t\t<\/div>\n\t\t\t\t\t<\/div>\n\t\t<\/div>\n\t\t\t\t\t\t\t\t<\/div>\n\t\t\t\t\t<\/div>\n\t\t<\/section>\n\t\t\t\t<section class=\"elementor-section elementor-top-section elementor-element elementor-element-5b6f7bcb elementor-section-content-middle elementor-section-boxed elementor-section-height-default elementor-section-height-default\" data-id=\"5b6f7bcb\" data-element_type=\"section\">\n\t\t\t\t\t\t<div class=\"elementor-container elementor-column-gap-default\">\n\t\t\t\t\t\t\t<div class=\"elementor-row\">\n\t\t\t\t\t<div class=\"elementor-column elementor-col-50 elementor-top-column elementor-element elementor-element-7c499868\" data-id=\"7c499868\" data-element_type=\"column\">\n\t\t\t<div class=\"elementor-column-wrap elementor-element-populated\">\n\t\t\t\t\t\t\t<div class=\"elementor-widget-wrap\">\n\t\t\t\t\t\t<div class=\"elementor-element elementor-element-60c5287b elementor-widget elementor-widget-image\" data-id=\"60c5287b\" data-element_type=\"widget\" data-widget_type=\"image.default\">\n\t\t\t\t<div class=\"elementor-widget-container\">\n\t\t\t\t\t\t\t\t<div class=\"elementor-image\">\n\t\t\t\t\t\t\t\t\t\t\t\t<img width=\"1920\" height=\"1241\" src=\"https:\/\/sg-heimst\u00e4tten.de\/wp-content\/uploads\/2019\/06\/help-button-66608_1920.jpg\" class=\"attachment-full size-full\" alt=\"\" srcset=\"https:\/\/sg-heimst\u00e4tten.de\/wp-content\/uploads\/2019\/06\/help-button-66608_1920.jpg 1920w, https:\/\/sg-heimst\u00e4tten.de\/wp-content\/uploads\/2019\/06\/help-button-66608_1920-300x194.jpg 300w, https:\/\/sg-heimst\u00e4tten.de\/wp-content\/uploads\/2019\/06\/help-button-66608_1920-768x496.jpg 768w, https:\/\/sg-heimst\u00e4tten.de\/wp-content\/uploads\/2019\/06\/help-button-66608_1920-1024x662.jpg 1024w\" sizes=\"(max-width: 1920px) 100vw, 1920px\" \/>\t\t\t\t\t\t\t\t\t\t\t\t\t\t<\/div>\n\t\t\t\t\t\t<\/div>\n\t\t\t\t<\/div>\n\t\t\t\t\t\t<\/div>\n\t\t\t\t\t<\/div>\n\t\t<\/div>\n\t\t\t\t<div class=\"elementor-column elementor-col-50 elementor-top-column elementor-element elementor-element-67226e96\" data-id=\"67226e96\" data-element_type=\"column\">\n\t\t\t<div class=\"elementor-column-wrap elementor-element-populated\">\n\t\t\t\t\t\t\t<div class=\"elementor-widget-wrap\">\n\t\t\t\t\t\t<div class=\"elementor-element elementor-element-e5e3488 elementor-widget elementor-widget-heading\" data-id=\"e5e3488\" data-element_type=\"widget\" data-widget_type=\"heading.default\">\n\t\t\t\t<div class=\"elementor-widget-container\">\n\t\t\t<h3 class=\"elementor-heading-title elementor-size-default\">Wie k\u00f6nnen Sie uns helfen?<\/h3>\t\t<\/div>\n\t\t\t\t<\/div>\n\t\t\t\t<div class=\"elementor-element elementor-element-76cf74f2 elementor-widget elementor-widget-text-editor\" data-id=\"76cf74f2\" data-element_type=\"widget\" data-widget_type=\"text-editor.default\">\n\t\t\t\t<div class=\"elementor-widget-container\">\n\t\t\t\t\t\t\t\t<div class=\"elementor-text-editor elementor-clearfix\">\n\t\t\t\t<p>Jede Hilfe und Unterst\u00fctzung bei unserer Arbeit f\u00fcr die Siedlergemeinschaft ist uns willkommen, Unabh\u00e4ngig davon ob:<\/p><ul><li>als beitragszahlende Mitglied im Verein,<\/li><li>aktiver Helfer bei der Organisation und Durchf\u00fchrung von Projekten und Veranstaltungen,<\/li><li>Unterst\u00fctzer durch Spenden.<\/li><\/ul>\t\t\t\t\t<\/div>\n\t\t\t\t\t\t<\/div>\n\t\t\t\t<\/div>\n\t\t\t\t\t\t<\/div>\n\t\t\t\t\t<\/div>\n\t\t<\/div>\n\t\t\t\t\t\t\t\t<\/div>\n\t\t\t\t\t<\/div>\n\t\t<\/section>\n\t\t\t\t<section class=\"elementor-section elementor-top-section elementor-element elementor-element-73ba980e elementor-section-content-middle elementor-section-boxed elementor-section-height-default elementor-section-height-default\" data-id=\"73ba980e\" data-element_type=\"section\" data-settings=\"{&quot;background_background&quot;:&quot;classic&quot;}\">\n\t\t\t\t\t\t<div class=\"elementor-container elementor-column-gap-default\">\n\t\t\t\t\t\t\t<div class=\"elementor-row\">\n\t\t\t\t\t<div class=\"elementor-column elementor-col-100 elementor-top-column elementor-element elementor-element-63fd19c9\" data-id=\"63fd19c9\" data-element_type=\"column\">\n\t\t\t<div class=\"elementor-column-wrap elementor-element-populated\">\n\t\t\t\t\t\t\t<div class=\"elementor-widget-wrap\">\n\t\t\t\t\t\t\t\t<\/div>\n\t\t\t\t\t<\/div>\n\t\t<\/div>\n\t\t\t\t\t\t\t\t<\/div>\n\t\t\t\t\t<\/div>\n\t\t<\/section>\n\t\t\t\t\t\t<\/div>\n\t\t\t\t\t\t<\/div>\n\t\t\t\t\t<\/div>\n\t\t","protected":false},"excerpt":{"rendered":"<p>Siedlergemeinschaft Heimst\u00e4ttensiedlung e.V. Warum eine Siedlergemeinschaft? Der Siedlerverein erm\u00f6glicht aus seinen Mitgliedsbeitr\u00e4gen und Spenden Anschaffungen und Veranstaltungen, die f\u00fcr die Kinder und Siedler sonst nicht realisiert werden k\u00f6nnten. Er \u00fcbernimmt keine Aufgaben der Stadt oder des Stadtbezirks, sondern tr\u00e4gt dazu bei, die Siedlung f\u00fcr Ihre Siedler und Bewohner noch attraktiver zu machen. Unsere Ziele Nachbarschaftshilfe [&hellip;]<\/p>\n","protected":false},"author":1,"featured_media":0,"parent":0,"menu_order":0,"comment_status":"closed","ping_status":"closed","template":"","meta":[],"yoast_head":"<!-- This site is optimized with the Yoast SEO plugin v18.2 - https:\/\/yoast.com\/wordpress\/plugins\/seo\/ -->\n<title>\u00dcber uns - Siedlergemeinschaft Heimst\u00e4ttensiedlung e.V. Ammendorf<\/title>\n<meta name=\"robots\" content=\"index, follow, max-snippet:-1, max-image-preview:large, max-video-preview:-1\" \/>\n<link rel=\"canonical\" href=\"https:\/\/sg-heimst\u00e4tten.de\/?page_id=45\" \/>\n<meta property=\"og:locale\" content=\"de_DE\" \/>\n<meta property=\"og:type\" content=\"article\" \/>\n<meta property=\"og:title\" content=\"\u00dcber uns - Siedlergemeinschaft Heimst\u00e4ttensiedlung e.V. Ammendorf\" \/>\n<meta property=\"og:description\" content=\"Siedlergemeinschaft Heimst\u00e4ttensiedlung e.V. Warum eine Siedlergemeinschaft? Der Siedlerverein erm\u00f6glicht aus seinen Mitgliedsbeitr\u00e4gen und Spenden Anschaffungen und Veranstaltungen, die f\u00fcr die Kinder und Siedler sonst nicht realisiert werden k\u00f6nnten. Er \u00fcbernimmt keine Aufgaben der Stadt oder des Stadtbezirks, sondern tr\u00e4gt dazu bei, die Siedlung f\u00fcr Ihre Siedler und Bewohner noch attraktiver zu machen. Unsere Ziele Nachbarschaftshilfe [&hellip;]\" \/>\n<meta property=\"og:url\" content=\"https:\/\/sg-heimst\u00e4tten.de\/?page_id=45\" \/>\n<meta property=\"og:site_name\" content=\"Siedlergemeinschaft Heimst\u00e4ttensiedlung e.V. Ammendorf\" \/>\n<meta property=\"article:publisher\" content=\"https:\/\/www.facebook.com\/sgheimstaettensiedlungAmmendorf\/\" \/>\n<meta property=\"article:modified_time\" content=\"2019-09-12T09:22:49+00:00\" \/>\n<meta property=\"og:image\" content=\"https:\/\/sg-heimst\u00e4tten.de\/wp-content\/uploads\/2019\/03\/Logo-150x150.gif\" \/>\n<meta name=\"twitter:card\" content=\"summary_large_image\" \/>\n<meta name=\"twitter:label1\" content=\"Gesch\u00e4tzte Lesezeit\" \/>\n\t<meta name=\"twitter:data1\" content=\"1\u00a0Minute\" \/>\n<script type=\"application\/ld+json\" class=\"yoast-schema-graph\">{\"@context\":\"https:\/\/schema.org\",\"@graph\":[{\"@type\":\"Organization\",\"@id\":\"https:\/\/sg-heimst\u00e4tten.de\/#organization\",\"name\":\"Siedlergemeinschaft Heimst\u00e4ttensiedlung e.V. Ammendorf\",\"url\":\"https:\/\/sg-heimst\u00e4tten.de\/\",\"sameAs\":[\"https:\/\/www.facebook.com\/sgheimstaettensiedlungAmmendorf\/\"],\"logo\":{\"@type\":\"ImageObject\",\"@id\":\"https:\/\/sg-heimst\u00e4tten.de\/#logo\",\"inLanguage\":\"de\",\"url\":\"https:\/\/sg-heimst\u00e4tten.de\/wp-content\/uploads\/2019\/03\/Logo.gif\",\"contentUrl\":\"https:\/\/sg-heimst\u00e4tten.de\/wp-content\/uploads\/2019\/03\/Logo.gif\",\"width\":286,\"height\":330,\"caption\":\"Siedlergemeinschaft Heimst\u00e4ttensiedlung e.V. Ammendorf\"},\"image\":{\"@id\":\"https:\/\/sg-heimst\u00e4tten.de\/#logo\"}},{\"@type\":\"WebSite\",\"@id\":\"https:\/\/sg-heimst\u00e4tten.de\/#website\",\"url\":\"https:\/\/sg-heimst\u00e4tten.de\/\",\"name\":\"Siedlergemeinschaft Heimst\u00e4ttensiedlung e.V. Ammendorf\",\"description\":\"Siedlergemeinschaft Heimst\u00e4ttensiedlung\",\"publisher\":{\"@id\":\"https:\/\/sg-heimst\u00e4tten.de\/#organization\"},\"potentialAction\":[{\"@type\":\"SearchAction\",\"target\":{\"@type\":\"EntryPoint\",\"urlTemplate\":\"https:\/\/sg-heimst\u00e4tten.de\/?s={search_term_string}\"},\"query-input\":\"required name=search_term_string\"}],\"inLanguage\":\"de\"},{\"@type\":\"ImageObject\",\"@id\":\"https:\/\/sg-heimst\u00e4tten.de\/?page_id=45#primaryimage\",\"inLanguage\":\"de\",\"url\":\"https:\/\/sg-heimst\u00e4tten.de\/wp-content\/uploads\/2019\/03\/Logo.gif\",\"contentUrl\":\"https:\/\/sg-heimst\u00e4tten.de\/wp-content\/uploads\/2019\/03\/Logo.gif\",\"width\":286,\"height\":330},{\"@type\":\"WebPage\",\"@id\":\"https:\/\/sg-heimst\u00e4tten.de\/?page_id=45#webpage\",\"url\":\"https:\/\/sg-heimst\u00e4tten.de\/?page_id=45\",\"name\":\"\u00dcber uns - Siedlergemeinschaft Heimst\u00e4ttensiedlung e.V. Ammendorf\",\"isPartOf\":{\"@id\":\"https:\/\/sg-heimst\u00e4tten.de\/#website\"},\"primaryImageOfPage\":{\"@id\":\"https:\/\/sg-heimst\u00e4tten.de\/?page_id=45#primaryimage\"},\"datePublished\":\"2019-03-24T20:49:04+00:00\",\"dateModified\":\"2019-09-12T09:22:49+00:00\",\"breadcrumb\":{\"@id\":\"https:\/\/sg-heimst\u00e4tten.de\/?page_id=45#breadcrumb\"},\"inLanguage\":\"de\",\"potentialAction\":[{\"@type\":\"ReadAction\",\"target\":[\"https:\/\/sg-heimst\u00e4tten.de\/?page_id=45\"]}]},{\"@type\":\"BreadcrumbList\",\"@id\":\"https:\/\/sg-heimst\u00e4tten.de\/?page_id=45#breadcrumb\",\"itemListElement\":[{\"@type\":\"ListItem\",\"position\":1,\"name\":\"Startseite\",\"item\":\"https:\/\/sg-heimst\u00e4tten.de\/\"},{\"@type\":\"ListItem\",\"position\":2,\"name\":\"\u00dcber uns\"}]}]}<\/script>\n<!-- \/ Yoast SEO plugin. -->","yoast_head_json":{"title":"\u00dcber uns - Siedlergemeinschaft Heimst\u00e4ttensiedlung e.V. Ammendorf","robots":{"index":"index","follow":"follow","max-snippet":"max-snippet:-1","max-image-preview":"max-image-preview:large","max-video-preview":"max-video-preview:-1"},"canonical":"https:\/\/sg-heimst\u00e4tten.de\/?page_id=45","og_locale":"de_DE","og_type":"article","og_title":"\u00dcber uns - Siedlergemeinschaft Heimst\u00e4ttensiedlung e.V. Ammendorf","og_description":"Siedlergemeinschaft Heimst\u00e4ttensiedlung e.V. Warum eine Siedlergemeinschaft? Der Siedlerverein erm\u00f6glicht aus seinen Mitgliedsbeitr\u00e4gen und Spenden Anschaffungen und Veranstaltungen, die f\u00fcr die Kinder und Siedler sonst nicht realisiert werden k\u00f6nnten. Er \u00fcbernimmt keine Aufgaben der Stadt oder des Stadtbezirks, sondern tr\u00e4gt dazu bei, die Siedlung f\u00fcr Ihre Siedler und Bewohner noch attraktiver zu machen. Unsere Ziele Nachbarschaftshilfe [&hellip;]","og_url":"https:\/\/sg-heimst\u00e4tten.de\/?page_id=45","og_site_name":"Siedlergemeinschaft Heimst\u00e4ttensiedlung e.V. Ammendorf","article_publisher":"https:\/\/www.facebook.com\/sgheimstaettensiedlungAmmendorf\/","article_modified_time":"2019-09-12T09:22:49+00:00","og_image":[{"url":"https:\/\/sg-heimst\u00e4tten.de\/wp-content\/uploads\/2019\/03\/Logo-150x150.gif"}],"twitter_card":"summary_large_image","twitter_misc":{"Gesch\u00e4tzte Lesezeit":"1\u00a0Minute"},"schema":{"@context":"https:\/\/schema.org","@graph":[{"@type":"Organization","@id":"https:\/\/sg-heimst\u00e4tten.de\/#organization","name":"Siedlergemeinschaft Heimst\u00e4ttensiedlung e.V. Ammendorf","url":"https:\/\/sg-heimst\u00e4tten.de\/","sameAs":["https:\/\/www.facebook.com\/sgheimstaettensiedlungAmmendorf\/"],"logo":{"@type":"ImageObject","@id":"https:\/\/sg-heimst\u00e4tten.de\/#logo","inLanguage":"de","url":"https:\/\/sg-heimst\u00e4tten.de\/wp-content\/uploads\/2019\/03\/Logo.gif","contentUrl":"https:\/\/sg-heimst\u00e4tten.de\/wp-content\/uploads\/2019\/03\/Logo.gif","width":286,"height":330,"caption":"Siedlergemeinschaft Heimst\u00e4ttensiedlung e.V. Ammendorf"},"image":{"@id":"https:\/\/sg-heimst\u00e4tten.de\/#logo"}},{"@type":"WebSite","@id":"https:\/\/sg-heimst\u00e4tten.de\/#website","url":"https:\/\/sg-heimst\u00e4tten.de\/","name":"Siedlergemeinschaft Heimst\u00e4ttensiedlung e.V. Ammendorf","description":"Siedlergemeinschaft Heimst\u00e4ttensiedlung","publisher":{"@id":"https:\/\/sg-heimst\u00e4tten.de\/#organization"},"potentialAction":[{"@type":"SearchAction","target":{"@type":"EntryPoint","urlTemplate":"https:\/\/sg-heimst\u00e4tten.de\/?s={search_term_string}"},"query-input":"required name=search_term_string"}],"inLanguage":"de"},{"@type":"ImageObject","@id":"https:\/\/sg-heimst\u00e4tten.de\/?page_id=45#primaryimage","inLanguage":"de","url":"https:\/\/sg-heimst\u00e4tten.de\/wp-content\/uploads\/2019\/03\/Logo.gif","contentUrl":"https:\/\/sg-heimst\u00e4tten.de\/wp-content\/uploads\/2019\/03\/Logo.gif","width":286,"height":330},{"@type":"WebPage","@id":"https:\/\/sg-heimst\u00e4tten.de\/?page_id=45#webpage","url":"https:\/\/sg-heimst\u00e4tten.de\/?page_id=45","name":"\u00dcber uns - Siedlergemeinschaft Heimst\u00e4ttensiedlung e.V. Ammendorf","isPartOf":{"@id":"https:\/\/sg-heimst\u00e4tten.de\/#website"},"primaryImageOfPage":{"@id":"https:\/\/sg-heimst\u00e4tten.de\/?page_id=45#primaryimage"},"datePublished":"2019-03-24T20:49:04+00:00","dateModified":"2019-09-12T09:22:49+00:00","breadcrumb":{"@id":"https:\/\/sg-heimst\u00e4tten.de\/?page_id=45#breadcrumb"},"inLanguage":"de","potentialAction":[{"@type":"ReadAction","target":["https:\/\/sg-heimst\u00e4tten.de\/?page_id=45"]}]},{"@type":"BreadcrumbList","@id":"https:\/\/sg-heimst\u00e4tten.de\/?page_id=45#breadcrumb","itemListElement":[{"@type":"ListItem","position":1,"name":"Startseite","item":"https:\/\/sg-heimst\u00e4tten.de\/"},{"@type":"ListItem","position":2,"name":"\u00dcber uns"}]}]}},"_links":{"self":[{"href":"https:\/\/sg-heimst\u00e4tten.de\/index.php?rest_route=\/wp\/v2\/pages\/45"}],"collection":[{"href":"https:\/\/sg-heimst\u00e4tten.de\/index.php?rest_route=\/wp\/v2\/pages"}],"about":[{"href":"https:\/\/sg-heimst\u00e4tten.de\/index.php?rest_route=\/wp\/v2\/types\/page"}],"author":[{"embeddable":true,"href":"https:\/\/sg-heimst\u00e4tten.de\/index.php?rest_route=\/wp\/v2\/users\/1"}],"replies":[{"embeddable":true,"href":"https:\/\/sg-heimst\u00e4tten.de\/index.php?rest_route=%2Fwp%2Fv2%2Fcomments&post=45"}],"version-history":[{"count":0,"href":"https:\/\/sg-heimst\u00e4tten.de\/index.php?rest_route=\/wp\/v2\/pages\/45\/revisions"}],"wp:attachment":[{"href":"https:\/\/sg-heimst\u00e4tten.de\/index.php?rest_route=%2Fwp%2Fv2%2Fmedia&parent=45"}],"curies":[{"name":"wp","href":"https:\/\/api.w.org\/{rel}","templated":true}]}}