{"id":41,"date":"2019-03-24T21:48:01","date_gmt":"2019-03-24T20:48:01","guid":{"rendered":"https:\/\/bl-sicherheit.ddns.net\/?page_id=41"},"modified":"2019-10-01T23:55:10","modified_gmt":"2019-10-01T21:55:10","slug":"kontakt","status":"publish","type":"page","link":"https:\/\/sg-heimst\u00e4tten.de\/?page_id=41","title":{"rendered":"Kontakt"},"content":{"rendered":"\n<div class=\"wpforms-container wpforms-container-full\" id=\"wpforms-313\"><form id=\"wpforms-form-313\" class=\"wpforms-validate wpforms-form\" data-formid=\"313\" method=\"post\" enctype=\"multipart\/form-data\" action=\"\/index.php?rest_route=%2Fwp%2Fv2%2Fpages%2F41\" data-token=\"071e32d7139d6d65cd98b7340699d2b4\"><noscript class=\"wpforms-error-noscript\">Bitte aktiviere JavaScript in deinem Browser, um dieses Formular fertigzustellen.<\/noscript><div class=\"wpforms-field-container\"><div id=\"wpforms-313-field_0-container\" class=\"wpforms-field wpforms-field-name\" data-field-id=\"0\"><label class=\"wpforms-field-label\" for=\"wpforms-313-field_0\">Name <span class=\"wpforms-required-label\">*<\/span><\/label><div class=\"wpforms-field-row wpforms-field-medium\"><div class=\"wpforms-field-row-block wpforms-first wpforms-one-half\"><input type=\"text\" id=\"wpforms-313-field_0\" class=\"wpforms-field-name-first wpforms-field-required\" name=\"wpforms[fields][0][first]\" required><label for=\"wpforms-313-field_0\" class=\"wpforms-field-sublabel after \">Vorname<\/label><\/div><div class=\"wpforms-field-row-block wpforms-one-half\"><input type=\"text\" id=\"wpforms-313-field_0-last\" class=\"wpforms-field-name-last wpforms-field-required\" name=\"wpforms[fields][0][last]\" required><label for=\"wpforms-313-field_0-last\" class=\"wpforms-field-sublabel after \">Nachname<\/label><\/div><\/div><\/div><div id=\"wpforms-313-field_1-container\" class=\"wpforms-field wpforms-field-email\" data-field-id=\"1\"><label class=\"wpforms-field-label\" for=\"wpforms-313-field_1\">E-Mail <span class=\"wpforms-required-label\">*<\/span><\/label><input type=\"email\" id=\"wpforms-313-field_1\" class=\"wpforms-field-medium wpforms-field-required\" name=\"wpforms[fields][1]\" required><\/div><div id=\"wpforms-313-field_3-container\" class=\"wpforms-field wpforms-field-text\" data-field-id=\"3\"><label class=\"wpforms-field-label\" for=\"wpforms-313-field_3\">Betreff <span class=\"wpforms-required-label\">*<\/span><\/label><input type=\"text\" id=\"wpforms-313-field_3\" class=\"wpforms-field-medium wpforms-field-required\" name=\"wpforms[fields][3]\" placeholder=\"Bitte geben Sie einen Betreff an.\" required><\/div><div id=\"wpforms-313-field_2-container\" class=\"wpforms-field wpforms-field-textarea\" data-field-id=\"2\"><label class=\"wpforms-field-label\" for=\"wpforms-313-field_2\">Kommentar oder Nachricht <span class=\"wpforms-required-label\">*<\/span><\/label><textarea id=\"wpforms-313-field_2\" class=\"wpforms-field-medium wpforms-field-required\" name=\"wpforms[fields][2]\" required><\/textarea><\/div><div id=\"wpforms-313-field_4-container\" class=\"wpforms-field wpforms-field-checkbox\" data-field-id=\"4\"><label class=\"wpforms-field-label\" for=\"wpforms-313-field_4\">Datenschutzerkl\u00e4rung <span class=\"wpforms-required-label\">*<\/span><\/label><ul id=\"wpforms-313-field_4\" class=\"wpforms-field-required\"><li class=\"choice-1 depth-1\"><input type=\"checkbox\" id=\"wpforms-313-field_4_1\" name=\"wpforms[fields][4][]\" value=\"Mit dem Absenden des Formulars stimme ich der Nutzung meiner Daten gem\u00e4\u00df der Datenschutzerkl\u00e4rung zu.\" required ><label class=\"wpforms-field-label-inline\" for=\"wpforms-313-field_4_1\">Mit dem Absenden des Formulars stimme ich der Nutzung meiner Daten gem\u00e4\u00df der Datenschutzerkl\u00e4rung zu.<\/label><\/li><\/ul><\/div><\/div><div class=\"wpforms-field wpforms-field-hp\"><label for=\"wpforms-313-field-hp\" class=\"wpforms-field-label\">Phone<\/label><input type=\"text\" name=\"wpforms[hp]\" id=\"wpforms-313-field-hp\" class=\"wpforms-field-medium\"><\/div><div class=\"wpforms-submit-container\"><input type=\"hidden\" name=\"wpforms[id]\" value=\"313\"><input type=\"hidden\" name=\"wpforms[author]\" value=\"1\"><button type=\"submit\" name=\"wpforms[submit]\" id=\"wpforms-submit-313\" class=\"wpforms-submit\" data-alt-text=\"Senden...\" data-submit-text=\"Absenden\" aria-live=\"assertive\" value=\"wpforms-submit\">Absenden<\/button><\/div><\/form><\/div>  <!-- .wpforms-container -->\n","protected":false},"excerpt":{"rendered":"","protected":false},"author":1,"featured_media":0,"parent":0,"menu_order":0,"comment_status":"closed","ping_status":"closed","template":"","meta":[],"yoast_head":"<!-- This site is optimized with the Yoast SEO plugin v18.2 - https:\/\/yoast.com\/wordpress\/plugins\/seo\/ -->\n<title>Kontakt - Siedlergemeinschaft Heimst\u00e4ttensiedlung e.V. Ammendorf<\/title>\n<meta name=\"robots\" content=\"index, follow, max-snippet:-1, max-image-preview:large, max-video-preview:-1\" \/>\n<link rel=\"canonical\" href=\"https:\/\/sg-heimst\u00e4tten.de\/?page_id=41\" \/>\n<meta property=\"og:locale\" content=\"de_DE\" \/>\n<meta property=\"og:type\" content=\"article\" \/>\n<meta property=\"og:title\" content=\"Kontakt - Siedlergemeinschaft Heimst\u00e4ttensiedlung e.V. Ammendorf\" \/>\n<meta property=\"og:url\" content=\"https:\/\/sg-heimst\u00e4tten.de\/?page_id=41\" \/>\n<meta property=\"og:site_name\" content=\"Siedlergemeinschaft Heimst\u00e4ttensiedlung e.V. Ammendorf\" \/>\n<meta property=\"article:publisher\" content=\"https:\/\/www.facebook.com\/sgheimstaettensiedlungAmmendorf\/\" \/>\n<meta property=\"article:modified_time\" content=\"2019-10-01T21:55:10+00:00\" \/>\n<meta name=\"twitter:card\" content=\"summary_large_image\" \/>\n<script type=\"application\/ld+json\" class=\"yoast-schema-graph\">{\"@context\":\"https:\/\/schema.org\",\"@graph\":[{\"@type\":\"Organization\",\"@id\":\"https:\/\/sg-heimst\u00e4tten.de\/#organization\",\"name\":\"Siedlergemeinschaft Heimst\u00e4ttensiedlung e.V. Ammendorf\",\"url\":\"https:\/\/sg-heimst\u00e4tten.de\/\",\"sameAs\":[\"https:\/\/www.facebook.com\/sgheimstaettensiedlungAmmendorf\/\"],\"logo\":{\"@type\":\"ImageObject\",\"@id\":\"https:\/\/sg-heimst\u00e4tten.de\/#logo\",\"inLanguage\":\"de\",\"url\":\"https:\/\/sg-heimst\u00e4tten.de\/wp-content\/uploads\/2019\/03\/Logo.gif\",\"contentUrl\":\"https:\/\/sg-heimst\u00e4tten.de\/wp-content\/uploads\/2019\/03\/Logo.gif\",\"width\":286,\"height\":330,\"caption\":\"Siedlergemeinschaft Heimst\u00e4ttensiedlung e.V. Ammendorf\"},\"image\":{\"@id\":\"https:\/\/sg-heimst\u00e4tten.de\/#logo\"}},{\"@type\":\"WebSite\",\"@id\":\"https:\/\/sg-heimst\u00e4tten.de\/#website\",\"url\":\"https:\/\/sg-heimst\u00e4tten.de\/\",\"name\":\"Siedlergemeinschaft Heimst\u00e4ttensiedlung e.V. Ammendorf\",\"description\":\"Siedlergemeinschaft Heimst\u00e4ttensiedlung\",\"publisher\":{\"@id\":\"https:\/\/sg-heimst\u00e4tten.de\/#organization\"},\"potentialAction\":[{\"@type\":\"SearchAction\",\"target\":{\"@type\":\"EntryPoint\",\"urlTemplate\":\"https:\/\/sg-heimst\u00e4tten.de\/?s={search_term_string}\"},\"query-input\":\"required name=search_term_string\"}],\"inLanguage\":\"de\"},{\"@type\":\"WebPage\",\"@id\":\"https:\/\/sg-heimst\u00e4tten.de\/?page_id=41#webpage\",\"url\":\"https:\/\/sg-heimst\u00e4tten.de\/?page_id=41\",\"name\":\"Kontakt - Siedlergemeinschaft Heimst\u00e4ttensiedlung e.V. Ammendorf\",\"isPartOf\":{\"@id\":\"https:\/\/sg-heimst\u00e4tten.de\/#website\"},\"datePublished\":\"2019-03-24T20:48:01+00:00\",\"dateModified\":\"2019-10-01T21:55:10+00:00\",\"breadcrumb\":{\"@id\":\"https:\/\/sg-heimst\u00e4tten.de\/?page_id=41#breadcrumb\"},\"inLanguage\":\"de\",\"potentialAction\":[{\"@type\":\"ReadAction\",\"target\":[\"https:\/\/sg-heimst\u00e4tten.de\/?page_id=41\"]}]},{\"@type\":\"BreadcrumbList\",\"@id\":\"https:\/\/sg-heimst\u00e4tten.de\/?page_id=41#breadcrumb\",\"itemListElement\":[{\"@type\":\"ListItem\",\"position\":1,\"name\":\"Startseite\",\"item\":\"https:\/\/sg-heimst\u00e4tten.de\/\"},{\"@type\":\"ListItem\",\"position\":2,\"name\":\"Kontakt\"}]}]}<\/script>\n<!-- \/ Yoast SEO plugin. -->","yoast_head_json":{"title":"Kontakt - Siedlergemeinschaft Heimst\u00e4ttensiedlung e.V. Ammendorf","robots":{"index":"index","follow":"follow","max-snippet":"max-snippet:-1","max-image-preview":"max-image-preview:large","max-video-preview":"max-video-preview:-1"},"canonical":"https:\/\/sg-heimst\u00e4tten.de\/?page_id=41","og_locale":"de_DE","og_type":"article","og_title":"Kontakt - Siedlergemeinschaft Heimst\u00e4ttensiedlung e.V. Ammendorf","og_url":"https:\/\/sg-heimst\u00e4tten.de\/?page_id=41","og_site_name":"Siedlergemeinschaft Heimst\u00e4ttensiedlung e.V. Ammendorf","article_publisher":"https:\/\/www.facebook.com\/sgheimstaettensiedlungAmmendorf\/","article_modified_time":"2019-10-01T21:55:10+00:00","twitter_card":"summary_large_image","schema":{"@context":"https:\/\/schema.org","@graph":[{"@type":"Organization","@id":"https:\/\/sg-heimst\u00e4tten.de\/#organization","name":"Siedlergemeinschaft Heimst\u00e4ttensiedlung e.V. Ammendorf","url":"https:\/\/sg-heimst\u00e4tten.de\/","sameAs":["https:\/\/www.facebook.com\/sgheimstaettensiedlungAmmendorf\/"],"logo":{"@type":"ImageObject","@id":"https:\/\/sg-heimst\u00e4tten.de\/#logo","inLanguage":"de","url":"https:\/\/sg-heimst\u00e4tten.de\/wp-content\/uploads\/2019\/03\/Logo.gif","contentUrl":"https:\/\/sg-heimst\u00e4tten.de\/wp-content\/uploads\/2019\/03\/Logo.gif","width":286,"height":330,"caption":"Siedlergemeinschaft Heimst\u00e4ttensiedlung e.V. Ammendorf"},"image":{"@id":"https:\/\/sg-heimst\u00e4tten.de\/#logo"}},{"@type":"WebSite","@id":"https:\/\/sg-heimst\u00e4tten.de\/#website","url":"https:\/\/sg-heimst\u00e4tten.de\/","name":"Siedlergemeinschaft Heimst\u00e4ttensiedlung e.V. Ammendorf","description":"Siedlergemeinschaft Heimst\u00e4ttensiedlung","publisher":{"@id":"https:\/\/sg-heimst\u00e4tten.de\/#organization"},"potentialAction":[{"@type":"SearchAction","target":{"@type":"EntryPoint","urlTemplate":"https:\/\/sg-heimst\u00e4tten.de\/?s={search_term_string}"},"query-input":"required name=search_term_string"}],"inLanguage":"de"},{"@type":"WebPage","@id":"https:\/\/sg-heimst\u00e4tten.de\/?page_id=41#webpage","url":"https:\/\/sg-heimst\u00e4tten.de\/?page_id=41","name":"Kontakt - Siedlergemeinschaft Heimst\u00e4ttensiedlung e.V. Ammendorf","isPartOf":{"@id":"https:\/\/sg-heimst\u00e4tten.de\/#website"},"datePublished":"2019-03-24T20:48:01+00:00","dateModified":"2019-10-01T21:55:10+00:00","breadcrumb":{"@id":"https:\/\/sg-heimst\u00e4tten.de\/?page_id=41#breadcrumb"},"inLanguage":"de","potentialAction":[{"@type":"ReadAction","target":["https:\/\/sg-heimst\u00e4tten.de\/?page_id=41"]}]},{"@type":"BreadcrumbList","@id":"https:\/\/sg-heimst\u00e4tten.de\/?page_id=41#breadcrumb","itemListElement":[{"@type":"ListItem","position":1,"name":"Startseite","item":"https:\/\/sg-heimst\u00e4tten.de\/"},{"@type":"ListItem","position":2,"name":"Kontakt"}]}]}},"_links":{"self":[{"href":"https:\/\/sg-heimst\u00e4tten.de\/index.php?rest_route=\/wp\/v2\/pages\/41"}],"collection":[{"href":"https:\/\/sg-heimst\u00e4tten.de\/index.php?rest_route=\/wp\/v2\/pages"}],"about":[{"href":"https:\/\/sg-heimst\u00e4tten.de\/index.php?rest_route=\/wp\/v2\/types\/page"}],"author":[{"embeddable":true,"href":"https:\/\/sg-heimst\u00e4tten.de\/index.php?rest_route=\/wp\/v2\/users\/1"}],"replies":[{"embeddable":true,"href":"https:\/\/sg-heimst\u00e4tten.de\/index.php?rest_route=%2Fwp%2Fv2%2Fcomments&post=41"}],"version-history":[{"count":0,"href":"https:\/\/sg-heimst\u00e4tten.de\/index.php?rest_route=\/wp\/v2\/pages\/41\/revisions"}],"wp:attachment":[{"href":"https:\/\/sg-heimst\u00e4tten.de\/index.php?rest_route=%2Fwp%2Fv2%2Fmedia&parent=41"}],"curies":[{"name":"wp","href":"https:\/\/api.w.org\/{rel}","templated":true}]}}