{"id":114,"date":"2019-03-25T21:51:37","date_gmt":"2019-03-25T20:51:37","guid":{"rendered":"https:\/\/bl-sicherheit.ddns.net\/?page_id=114"},"modified":"2021-08-10T22:21:06","modified_gmt":"2021-08-10T20:21:06","slug":"impressum","status":"publish","type":"page","link":"https:\/\/sg-heimst\u00e4tten.de\/?page_id=114","title":{"rendered":"Impressum"},"content":{"rendered":"\t\t<div data-elementor-type=\"wp-post\" data-elementor-id=\"114\" class=\"elementor elementor-114\" data-elementor-settings=\"[]\">\n\t\t\t\t\t\t<div class=\"elementor-inner\">\n\t\t\t\t\t\t\t<div class=\"elementor-section-wrap\">\n\t\t\t\t\t\t\t<section class=\"elementor-section elementor-top-section elementor-element elementor-element-c726def elementor-section-boxed elementor-section-height-default elementor-section-height-default\" data-id=\"c726def\" data-element_type=\"section\">\n\t\t\t\t\t\t<div class=\"elementor-container elementor-column-gap-default\">\n\t\t\t\t\t\t\t<div class=\"elementor-row\">\n\t\t\t\t\t<div class=\"elementor-column elementor-col-50 elementor-top-column elementor-element elementor-element-730fd69\" data-id=\"730fd69\" data-element_type=\"column\">\n\t\t\t<div class=\"elementor-column-wrap elementor-element-populated\">\n\t\t\t\t\t\t\t<div class=\"elementor-widget-wrap\">\n\t\t\t\t\t\t<div class=\"elementor-element elementor-element-b20c53c elementor-widget elementor-widget-text-editor\" data-id=\"b20c53c\" data-element_type=\"widget\" data-widget_type=\"text-editor.default\">\n\t\t\t\t<div class=\"elementor-widget-container\">\n\t\t\t\t\t\t\t\t<div class=\"elementor-text-editor elementor-clearfix\">\n\t\t\t\t<p><b style=\"color: #000000; font-family: Arial, Helvetica, sans-serif; font-size: 14.4px; font-style: normal; font-variant-ligatures: normal; font-variant-caps: normal;\">Siedlergemeinschaft Heimst\u00e4ttensiedlung e.V. Ammendorf<\/b><br style=\"color: #000000; font-family: Arial, Helvetica, sans-serif; font-size: 14.4px;\" \/><span style=\"color: #000000; font-family: Arial, Helvetica, sans-serif; font-size: 14.4px; font-style: normal; font-variant-ligatures: normal; font-variant-caps: normal; font-weight: 400;\">Tiefe Stra\u00dfe 4<\/span><br style=\"color: #000000; font-family: Arial, Helvetica, sans-serif; font-size: 14.4px;\" \/><span style=\"color: #000000; font-family: Arial, Helvetica, sans-serif; font-size: 14.4px; font-style: normal; font-variant-ligatures: normal; font-variant-caps: normal; font-weight: 400;\">06132 Halle(Saale)<\/span><br style=\"color: #000000; font-family: Arial, Helvetica, sans-serif; font-size: 14.4px;\" \/><br style=\"color: #000000; font-family: Arial, Helvetica, sans-serif; font-size: 14.4px;\" \/><b style=\"color: #000000; font-family: Arial, Helvetica, sans-serif; font-size: 14.4px; font-style: normal; font-variant-ligatures: normal; font-variant-caps: normal;\">Telefon:<\/b><span style=\"color: #000000; font-family: Arial, Helvetica, sans-serif; font-size: 14.4px; font-style: normal; font-variant-ligatures: normal; font-variant-caps: normal; font-weight: 400;\"> +49 (0)345\/775 88 27<\/span><br style=\"color: #000000; font-family: Arial, Helvetica, sans-serif; font-size: 14.4px;\" \/><b style=\"color: #000000; font-family: Arial, Helvetica, sans-serif; font-size: 14.4px; font-style: normal; font-variant-ligatures: normal; font-variant-caps: normal;\">E-Mail:<\/b><span style=\"color: #000000; font-family: Arial, Helvetica, sans-serif; font-size: 14.4px; font-style: normal; font-variant-ligatures: normal; font-variant-caps: normal; font-weight: 400;\">\u00a0heimst\u00e4ttensiedlung.ammendorf@gmail.com<\/span><br style=\"color: #000000; font-family: Arial, Helvetica, sans-serif; font-size: 14.4px;\" \/><br style=\"color: #000000; font-family: Arial, Helvetica, sans-serif; font-size: 14.4px;\" \/><b style=\"color: #000000; font-family: Arial, Helvetica, sans-serif; font-size: 14.4px; font-style: normal; font-variant-ligatures: normal; font-variant-caps: normal;\">Gemeinschaftlich<br \/>vertretungsberechtigt:\u00a0<\/b><br style=\"color: #000000; font-family: Arial, Helvetica, sans-serif; font-size: 14.4px;\" \/><b style=\"color: #000000; font-family: Arial, Helvetica, sans-serif; font-size: 14.4px; font-style: normal; font-variant-ligatures: normal; font-variant-caps: normal;\">1. Vorsitzender:<\/b><br style=\"color: #000000; font-family: Arial, Helvetica, sans-serif; font-size: 14.4px;\" \/><span style=\"color: #000000; font-family: Arial, Helvetica, sans-serif; font-size: 14.4px; font-style: normal; font-variant-ligatures: normal; font-variant-caps: normal; font-weight: 400;\">Detlef F\u00f6rster<\/span><br style=\"color: #000000; font-family: Arial, Helvetica, sans-serif; font-size: 14.4px;\" \/><span style=\"color: #000000; font-family: Arial, Helvetica, sans-serif; font-size: 14.4px; font-style: normal; font-variant-ligatures: normal; font-variant-caps: normal; font-weight: 400;\">Tiefe Stra\u00dfe 4<\/span><br style=\"color: #000000; font-family: Arial, Helvetica, sans-serif; font-size: 14.4px;\" \/><span style=\"color: #000000; font-family: Arial, Helvetica, sans-serif; font-size: 14.4px; font-style: normal; font-variant-ligatures: normal; font-variant-caps: normal; font-weight: 400;\">06132 Halle(Saale)<\/span><br style=\"color: #000000; font-family: Arial, Helvetica, sans-serif; font-size: 14.4px;\" \/><br style=\"color: #000000; font-family: Arial, Helvetica, sans-serif; font-size: 14.4px;\" \/><b style=\"color: #000000; font-family: Arial, Helvetica, sans-serif; font-size: 14.4px; font-style: normal; font-variant-ligatures: normal; font-variant-caps: normal;\">Telefon:<\/b><br style=\"color: #000000; font-family: Arial, Helvetica, sans-serif; font-size: 14.4px;\" \/><b style=\"color: #000000; font-family: Arial, Helvetica, sans-serif; font-size: 14.4px; font-style: normal; font-variant-ligatures: normal; font-variant-caps: normal;\">E-Mail:<\/b>\u00a0<span style=\"color: #000000; font-family: Arial, Helvetica, sans-serif; font-size: 14.4px; font-style: normal; font-variant-ligatures: normal; font-variant-caps: normal; font-weight: 400;\">heimst\u00e4ttensiedlung.ammendorf@gmail.com<\/span><br style=\"color: #000000; font-family: Arial, Helvetica, sans-serif; font-size: 14.4px;\" \/><br style=\"color: #000000; font-family: Arial, Helvetica, sans-serif; font-size: 14.4px;\" \/><b style=\"color: #000000; font-family: Arial, Helvetica, sans-serif; font-size: 14.4px; font-style: normal; font-variant-ligatures: normal; font-variant-caps: normal;\">2. Vorsitzender:<\/b><br style=\"color: #000000; font-family: Arial, Helvetica, sans-serif; font-size: 14.4px;\" \/><span style=\"color: #000000; font-family: Arial, Helvetica, sans-serif; font-size: 14.4px; font-style: normal; font-variant-ligatures: normal; font-variant-caps: normal; font-weight: 400;\">Max Mustermann<\/span><br style=\"color: #000000; font-family: Arial, Helvetica, sans-serif; font-size: 14.4px;\" \/><span style=\"color: #000000; font-family: Arial, Helvetica, sans-serif; font-size: 14.4px; font-style: normal; font-variant-ligatures: normal; font-variant-caps: normal; font-weight: 400;\">Stra\u00dfe Hausnummer<\/span><br style=\"color: #000000; font-family: Arial, Helvetica, sans-serif; font-size: 14.4px;\" \/><span style=\"color: #000000; font-family: Arial, Helvetica, sans-serif; font-size: 14.4px; font-style: normal; font-variant-ligatures: normal; font-variant-caps: normal; font-weight: 400;\">06132 Halle(Saale)<\/span><br style=\"color: #000000; font-family: Arial, Helvetica, sans-serif; font-size: 14.4px;\" \/><br style=\"color: #000000; font-family: Arial, Helvetica, sans-serif; font-size: 14.4px;\" \/><b style=\"color: #000000; font-family: Arial, Helvetica, sans-serif; font-size: 14.4px; font-style: normal; font-variant-ligatures: normal; font-variant-caps: normal;\">Telefon:<\/b><span style=\"color: #000000; font-family: Arial, Helvetica, sans-serif; font-size: 14.4px; font-style: normal; font-variant-ligatures: normal; font-variant-caps: normal; font-weight: 400;\"> +49 (0)345\/XXXXXXX<\/span><br style=\"color: #000000; font-family: Arial, Helvetica, sans-serif; font-size: 14.4px;\" \/><b style=\"color: #000000; font-family: Arial, Helvetica, sans-serif; font-size: 14.4px; font-style: normal; font-variant-ligatures: normal; font-variant-caps: normal;\">E-Mail:<\/b><\/p>\t\t\t\t\t<\/div>\n\t\t\t\t\t\t<\/div>\n\t\t\t\t<\/div>\n\t\t\t\t\t\t<\/div>\n\t\t\t\t\t<\/div>\n\t\t<\/div>\n\t\t\t\t<div class=\"elementor-column elementor-col-50 elementor-top-column elementor-element elementor-element-cec8609\" data-id=\"cec8609\" data-element_type=\"column\">\n\t\t\t<div class=\"elementor-column-wrap elementor-element-populated\">\n\t\t\t\t\t\t\t<div class=\"elementor-widget-wrap\">\n\t\t\t\t\t\t<div class=\"elementor-element elementor-element-b542bcf elementor-widget elementor-widget-text-editor\" data-id=\"b542bcf\" data-element_type=\"widget\" data-widget_type=\"text-editor.default\">\n\t\t\t\t<div class=\"elementor-widget-container\">\n\t\t\t\t\t\t\t\t<div class=\"elementor-text-editor elementor-clearfix\">\n\t\t\t\t<p><b style=\"color: #000000; font-family: Arial, Helvetica, sans-serif; font-size: 14.4px; font-style: normal; font-variant-ligatures: normal; font-variant-caps: normal;\">Registergericht:<\/b><span style=\"color: #000000; font-family: Arial, Helvetica, sans-serif; font-size: 14.4px; font-style: normal; font-variant-ligatures: normal; font-variant-caps: normal; font-weight: 400;\">\u00a0Stendal<\/span><br style=\"color: #000000; font-family: Arial, Helvetica, sans-serif; font-size: 14.4px;\" \/><b style=\"color: #000000; font-family: Arial, Helvetica, sans-serif; font-size: 14.4px; font-style: normal; font-variant-ligatures: normal; font-variant-caps: normal;\">Registernummer:<\/b><span style=\"color: #000000; font-family: Arial, Helvetica, sans-serif; font-size: 14.4px; font-style: normal; font-variant-ligatures: normal; font-variant-caps: normal; font-weight: 400;\">\u00a020463<\/span><br style=\"color: #000000; font-family: Arial, Helvetica, sans-serif; font-size: 14.4px;\" \/><br style=\"color: #000000; font-family: Arial, Helvetica, sans-serif; font-size: 14.4px;\" \/><b style=\"color: #000000; font-family: Arial, Helvetica, sans-serif; font-size: 14.4px; font-style: normal; font-variant-ligatures: normal; font-variant-caps: normal;\">V.i.S.d \u00a7 55 Abs. 2 RStV:<\/b><br style=\"color: #000000; font-family: Arial, Helvetica, sans-serif; font-size: 14.4px;\" \/><span style=\"color: #000000; font-family: Arial, Helvetica, sans-serif; font-size: 14.4px; font-style: normal; font-variant-ligatures: normal; font-variant-caps: normal; font-weight: 400;\">Detlef F\u00f6rster<\/span><br style=\"color: #000000; font-family: Arial, Helvetica, sans-serif; font-size: 14.4px;\" \/><span style=\"color: #000000; font-family: Arial, Helvetica, sans-serif;\"><span style=\"font-size: 14.4px;\">Tiefe Stra\u00dfe 4<\/span><\/span><br style=\"color: #000000; font-family: Arial, Helvetica, sans-serif; font-size: 14.4px;\" \/><span style=\"color: #000000; font-family: Arial, Helvetica, sans-serif; font-size: 14.4px; font-style: normal; font-variant-ligatures: normal; font-variant-caps: normal; font-weight: 400;\">06132 Halle(Saale)<\/span><\/p>\t\t\t\t\t<\/div>\n\t\t\t\t\t\t<\/div>\n\t\t\t\t<\/div>\n\t\t\t\t\t\t<\/div>\n\t\t\t\t\t<\/div>\n\t\t<\/div>\n\t\t\t\t\t\t\t\t<\/div>\n\t\t\t\t\t<\/div>\n\t\t<\/section>\n\t\t\t\t\t\t<\/div>\n\t\t\t\t\t\t<\/div>\n\t\t\t\t\t<\/div>\n\t\t","protected":false},"excerpt":{"rendered":"<p>Siedlergemeinschaft Heimst\u00e4ttensiedlung e.V. AmmendorfTiefe Stra\u00dfe 406132 Halle(Saale)Telefon: +49 (0)345\/775 88 27E-Mail:\u00a0heimst\u00e4ttensiedlung.ammendorf@gmail.comGemeinschaftlichvertretungsberechtigt:\u00a01. Vorsitzender:Detlef F\u00f6rsterTiefe Stra\u00dfe 406132 Halle(Saale)Telefon:E-Mail:\u00a0heimst\u00e4ttensiedlung.ammendorf@gmail.com2. Vorsitzender:Max MustermannStra\u00dfe Hausnummer06132 Halle(Saale)Telefon: +49 (0)345\/XXXXXXXE-Mail: Registergericht:\u00a0StendalRegisternummer:\u00a020463V.i.S.d \u00a7 55 Abs. 2 RStV:Detlef F\u00f6rsterTiefe Stra\u00dfe 406132 Halle(Saale)<\/p>\n","protected":false},"author":1,"featured_media":0,"parent":0,"menu_order":0,"comment_status":"closed","ping_status":"closed","template":"","meta":[],"yoast_head":"<!-- This site is optimized with the Yoast SEO plugin v18.2 - https:\/\/yoast.com\/wordpress\/plugins\/seo\/ -->\n<title>Impressum - Siedlergemeinschaft Heimst\u00e4ttensiedlung e.V. Ammendorf<\/title>\n<meta name=\"robots\" content=\"index, follow, max-snippet:-1, max-image-preview:large, max-video-preview:-1\" \/>\n<link rel=\"canonical\" href=\"https:\/\/sg-heimst\u00e4tten.de\/?page_id=114\" \/>\n<meta property=\"og:locale\" content=\"de_DE\" \/>\n<meta property=\"og:type\" content=\"article\" \/>\n<meta property=\"og:title\" content=\"Impressum - Siedlergemeinschaft Heimst\u00e4ttensiedlung e.V. Ammendorf\" \/>\n<meta property=\"og:description\" content=\"Siedlergemeinschaft Heimst\u00e4ttensiedlung e.V. AmmendorfTiefe Stra\u00dfe 406132 Halle(Saale)Telefon: +49 (0)345\/775 88 27E-Mail:\u00a0heimst\u00e4ttensiedlung.ammendorf@gmail.comGemeinschaftlichvertretungsberechtigt:\u00a01. Vorsitzender:Detlef F\u00f6rsterTiefe Stra\u00dfe 406132 Halle(Saale)Telefon:E-Mail:\u00a0heimst\u00e4ttensiedlung.ammendorf@gmail.com2. Vorsitzender:Max MustermannStra\u00dfe Hausnummer06132 Halle(Saale)Telefon: +49 (0)345\/XXXXXXXE-Mail: Registergericht:\u00a0StendalRegisternummer:\u00a020463V.i.S.d \u00a7 55 Abs. 2 RStV:Detlef F\u00f6rsterTiefe Stra\u00dfe 406132 Halle(Saale)\" \/>\n<meta property=\"og:url\" content=\"https:\/\/sg-heimst\u00e4tten.de\/?page_id=114\" \/>\n<meta property=\"og:site_name\" content=\"Siedlergemeinschaft Heimst\u00e4ttensiedlung e.V. Ammendorf\" \/>\n<meta property=\"article:publisher\" content=\"https:\/\/www.facebook.com\/sgheimstaettensiedlungAmmendorf\/\" \/>\n<meta property=\"article:modified_time\" content=\"2021-08-10T20:21:06+00:00\" \/>\n<meta name=\"twitter:card\" content=\"summary_large_image\" \/>\n<meta name=\"twitter:label1\" content=\"Gesch\u00e4tzte Lesezeit\" \/>\n\t<meta name=\"twitter:data1\" content=\"1\u00a0Minute\" \/>\n<script type=\"application\/ld+json\" class=\"yoast-schema-graph\">{\"@context\":\"https:\/\/schema.org\",\"@graph\":[{\"@type\":\"Organization\",\"@id\":\"https:\/\/sg-heimst\u00e4tten.de\/#organization\",\"name\":\"Siedlergemeinschaft Heimst\u00e4ttensiedlung e.V. Ammendorf\",\"url\":\"https:\/\/sg-heimst\u00e4tten.de\/\",\"sameAs\":[\"https:\/\/www.facebook.com\/sgheimstaettensiedlungAmmendorf\/\"],\"logo\":{\"@type\":\"ImageObject\",\"@id\":\"https:\/\/sg-heimst\u00e4tten.de\/#logo\",\"inLanguage\":\"de\",\"url\":\"https:\/\/sg-heimst\u00e4tten.de\/wp-content\/uploads\/2019\/03\/Logo.gif\",\"contentUrl\":\"https:\/\/sg-heimst\u00e4tten.de\/wp-content\/uploads\/2019\/03\/Logo.gif\",\"width\":286,\"height\":330,\"caption\":\"Siedlergemeinschaft Heimst\u00e4ttensiedlung e.V. Ammendorf\"},\"image\":{\"@id\":\"https:\/\/sg-heimst\u00e4tten.de\/#logo\"}},{\"@type\":\"WebSite\",\"@id\":\"https:\/\/sg-heimst\u00e4tten.de\/#website\",\"url\":\"https:\/\/sg-heimst\u00e4tten.de\/\",\"name\":\"Siedlergemeinschaft Heimst\u00e4ttensiedlung e.V. Ammendorf\",\"description\":\"Siedlergemeinschaft Heimst\u00e4ttensiedlung\",\"publisher\":{\"@id\":\"https:\/\/sg-heimst\u00e4tten.de\/#organization\"},\"potentialAction\":[{\"@type\":\"SearchAction\",\"target\":{\"@type\":\"EntryPoint\",\"urlTemplate\":\"https:\/\/sg-heimst\u00e4tten.de\/?s={search_term_string}\"},\"query-input\":\"required name=search_term_string\"}],\"inLanguage\":\"de\"},{\"@type\":\"WebPage\",\"@id\":\"https:\/\/sg-heimst\u00e4tten.de\/?page_id=114#webpage\",\"url\":\"https:\/\/sg-heimst\u00e4tten.de\/?page_id=114\",\"name\":\"Impressum - Siedlergemeinschaft Heimst\u00e4ttensiedlung e.V. Ammendorf\",\"isPartOf\":{\"@id\":\"https:\/\/sg-heimst\u00e4tten.de\/#website\"},\"datePublished\":\"2019-03-25T20:51:37+00:00\",\"dateModified\":\"2021-08-10T20:21:06+00:00\",\"breadcrumb\":{\"@id\":\"https:\/\/sg-heimst\u00e4tten.de\/?page_id=114#breadcrumb\"},\"inLanguage\":\"de\",\"potentialAction\":[{\"@type\":\"ReadAction\",\"target\":[\"https:\/\/sg-heimst\u00e4tten.de\/?page_id=114\"]}]},{\"@type\":\"BreadcrumbList\",\"@id\":\"https:\/\/sg-heimst\u00e4tten.de\/?page_id=114#breadcrumb\",\"itemListElement\":[{\"@type\":\"ListItem\",\"position\":1,\"name\":\"Startseite\",\"item\":\"https:\/\/sg-heimst\u00e4tten.de\/\"},{\"@type\":\"ListItem\",\"position\":2,\"name\":\"Impressum\"}]}]}<\/script>\n<!-- \/ Yoast SEO plugin. -->","yoast_head_json":{"title":"Impressum - Siedlergemeinschaft Heimst\u00e4ttensiedlung e.V. Ammendorf","robots":{"index":"index","follow":"follow","max-snippet":"max-snippet:-1","max-image-preview":"max-image-preview:large","max-video-preview":"max-video-preview:-1"},"canonical":"https:\/\/sg-heimst\u00e4tten.de\/?page_id=114","og_locale":"de_DE","og_type":"article","og_title":"Impressum - Siedlergemeinschaft Heimst\u00e4ttensiedlung e.V. Ammendorf","og_description":"Siedlergemeinschaft Heimst\u00e4ttensiedlung e.V. AmmendorfTiefe Stra\u00dfe 406132 Halle(Saale)Telefon: +49 (0)345\/775 88 27E-Mail:\u00a0heimst\u00e4ttensiedlung.ammendorf@gmail.comGemeinschaftlichvertretungsberechtigt:\u00a01. Vorsitzender:Detlef F\u00f6rsterTiefe Stra\u00dfe 406132 Halle(Saale)Telefon:E-Mail:\u00a0heimst\u00e4ttensiedlung.ammendorf@gmail.com2. Vorsitzender:Max MustermannStra\u00dfe Hausnummer06132 Halle(Saale)Telefon: +49 (0)345\/XXXXXXXE-Mail: Registergericht:\u00a0StendalRegisternummer:\u00a020463V.i.S.d \u00a7 55 Abs. 2 RStV:Detlef F\u00f6rsterTiefe Stra\u00dfe 406132 Halle(Saale)","og_url":"https:\/\/sg-heimst\u00e4tten.de\/?page_id=114","og_site_name":"Siedlergemeinschaft Heimst\u00e4ttensiedlung e.V. Ammendorf","article_publisher":"https:\/\/www.facebook.com\/sgheimstaettensiedlungAmmendorf\/","article_modified_time":"2021-08-10T20:21:06+00:00","twitter_card":"summary_large_image","twitter_misc":{"Gesch\u00e4tzte Lesezeit":"1\u00a0Minute"},"schema":{"@context":"https:\/\/schema.org","@graph":[{"@type":"Organization","@id":"https:\/\/sg-heimst\u00e4tten.de\/#organization","name":"Siedlergemeinschaft Heimst\u00e4ttensiedlung e.V. Ammendorf","url":"https:\/\/sg-heimst\u00e4tten.de\/","sameAs":["https:\/\/www.facebook.com\/sgheimstaettensiedlungAmmendorf\/"],"logo":{"@type":"ImageObject","@id":"https:\/\/sg-heimst\u00e4tten.de\/#logo","inLanguage":"de","url":"https:\/\/sg-heimst\u00e4tten.de\/wp-content\/uploads\/2019\/03\/Logo.gif","contentUrl":"https:\/\/sg-heimst\u00e4tten.de\/wp-content\/uploads\/2019\/03\/Logo.gif","width":286,"height":330,"caption":"Siedlergemeinschaft Heimst\u00e4ttensiedlung e.V. Ammendorf"},"image":{"@id":"https:\/\/sg-heimst\u00e4tten.de\/#logo"}},{"@type":"WebSite","@id":"https:\/\/sg-heimst\u00e4tten.de\/#website","url":"https:\/\/sg-heimst\u00e4tten.de\/","name":"Siedlergemeinschaft Heimst\u00e4ttensiedlung e.V. Ammendorf","description":"Siedlergemeinschaft Heimst\u00e4ttensiedlung","publisher":{"@id":"https:\/\/sg-heimst\u00e4tten.de\/#organization"},"potentialAction":[{"@type":"SearchAction","target":{"@type":"EntryPoint","urlTemplate":"https:\/\/sg-heimst\u00e4tten.de\/?s={search_term_string}"},"query-input":"required name=search_term_string"}],"inLanguage":"de"},{"@type":"WebPage","@id":"https:\/\/sg-heimst\u00e4tten.de\/?page_id=114#webpage","url":"https:\/\/sg-heimst\u00e4tten.de\/?page_id=114","name":"Impressum - Siedlergemeinschaft Heimst\u00e4ttensiedlung e.V. Ammendorf","isPartOf":{"@id":"https:\/\/sg-heimst\u00e4tten.de\/#website"},"datePublished":"2019-03-25T20:51:37+00:00","dateModified":"2021-08-10T20:21:06+00:00","breadcrumb":{"@id":"https:\/\/sg-heimst\u00e4tten.de\/?page_id=114#breadcrumb"},"inLanguage":"de","potentialAction":[{"@type":"ReadAction","target":["https:\/\/sg-heimst\u00e4tten.de\/?page_id=114"]}]},{"@type":"BreadcrumbList","@id":"https:\/\/sg-heimst\u00e4tten.de\/?page_id=114#breadcrumb","itemListElement":[{"@type":"ListItem","position":1,"name":"Startseite","item":"https:\/\/sg-heimst\u00e4tten.de\/"},{"@type":"ListItem","position":2,"name":"Impressum"}]}]}},"_links":{"self":[{"href":"https:\/\/sg-heimst\u00e4tten.de\/index.php?rest_route=\/wp\/v2\/pages\/114"}],"collection":[{"href":"https:\/\/sg-heimst\u00e4tten.de\/index.php?rest_route=\/wp\/v2\/pages"}],"about":[{"href":"https:\/\/sg-heimst\u00e4tten.de\/index.php?rest_route=\/wp\/v2\/types\/page"}],"author":[{"embeddable":true,"href":"https:\/\/sg-heimst\u00e4tten.de\/index.php?rest_route=\/wp\/v2\/users\/1"}],"replies":[{"embeddable":true,"href":"https:\/\/sg-heimst\u00e4tten.de\/index.php?rest_route=%2Fwp%2Fv2%2Fcomments&post=114"}],"version-history":[{"count":19,"href":"https:\/\/sg-heimst\u00e4tten.de\/index.php?rest_route=\/wp\/v2\/pages\/114\/revisions"}],"predecessor-version":[{"id":473,"href":"https:\/\/sg-heimst\u00e4tten.de\/index.php?rest_route=\/wp\/v2\/pages\/114\/revisions\/473"}],"wp:attachment":[{"href":"https:\/\/sg-heimst\u00e4tten.de\/index.php?rest_route=%2Fwp%2Fv2%2Fmedia&parent=114"}],"curies":[{"name":"wp","href":"https:\/\/api.w.org\/{rel}","templated":true}]}}